{"id":4400,"date":"2021-10-12T15:51:09","date_gmt":"2021-10-12T15:51:09","guid":{"rendered":"http:\/\/dummy.xtemos.com\/woodmart2\/elementor\/?page_id=4400"},"modified":"2025-09-24T10:05:56","modified_gmt":"2025-09-24T10:05:56","slug":"hakkimizda","status":"publish","type":"page","link":"https:\/\/www.dorhanmedical.com\/en\/hakkimizda\/","title":{"rendered":"About"},"content":{"rendered":"<div data-elementor-type=\"wp-page\" data-elementor-id=\"4400\" class=\"elementor elementor-4400\" data-elementor-post-type=\"page\">\n\t\t\t\t<div class=\"elementor-element elementor-element-ca67fb4 e-con-full wd-section-stretch-content e-flex e-con e-parent\" data-id=\"ca67fb4\" data-element_type=\"container\" data-settings=\"{&quot;background_background&quot;:&quot;classic&quot;,&quot;shape_divider_bottom&quot;:&quot;triangle-asymmetrical&quot;,&quot;shape_divider_bottom_negative&quot;:&quot;yes&quot;}\">\n\t\t\t\t<div class=\"elementor-shape elementor-shape-bottom\" aria-hidden=\"true\" data-negative=\"true\">\n\t\t\t<svg xmlns=\"http:\/\/www.w3.org\/2000\/svg\" viewbox=\"0 0 1000 100\" preserveaspectratio=\"none\">\n\t<path class=\"elementor-shape-fill\" d=\"M737.9,94.7L0,0v100h1000V0L737.9,94.7z\"\/>\n<\/svg>\t\t<\/div>\n\t\t\t\t<div class=\"elementor-element elementor-element-86edabf text-center wd-el-page-heading elementor-widget elementor-widget-wd_page_heading\" data-id=\"86edabf\" data-element_type=\"widget\" data-widget_type=\"wd_page_heading.default\">\n\t\t\t\t<div class=\"elementor-widget-container\">\n\t\t\t\t\t<h2 class=\"entry-title title\">About<\/h2>\t\t\t\t<\/div>\n\t\t\t\t<\/div>\n\t\t\t\t<div class=\"elementor-element elementor-element-062426f text-center wd-el-breadcrumbs elementor-widget elementor-widget-wd_element_breadcrumbs\" data-id=\"062426f\" data-element_type=\"widget\" data-widget_type=\"wd_element_breadcrumbs.default\">\n\t\t\t\t<div class=\"elementor-widget-container\">\n\t\t\t\t\t<nav class=\"wd-breadcrumbs\"><a href=\"https:\/\/www.dorhanmedical.com\/en\/\">Home<\/a><span class=\"wd-delimiter\"><\/span><span class=\"wd-last\">Page<\/span><\/nav>\t\t\t\t<\/div>\n\t\t\t\t<\/div>\n\t\t\t\t<\/div>\n\t\t<div class=\"wd-negative-gap elementor-element elementor-element-6af1b42 e-flex e-con-boxed e-con e-parent\" data-id=\"6af1b42\" data-element_type=\"container\">\n\t\t\t\t\t<div class=\"e-con-inner\">\n\t\t\t\t<div class=\"elementor-element elementor-element-1021b92 animated-slow wd-width-100 elementor-invisible elementor-widget elementor-widget-wd_title\" data-id=\"1021b92\" data-element_type=\"widget\" data-settings=\"{&quot;_animation&quot;:&quot;fadeInDown&quot;}\" data-widget_type=\"wd_title.default\">\n\t\t\t\t<div class=\"elementor-widget-container\">\n\t\t\t\t\t\t\t<div class=\"title-wrapper wd-set-mb reset-last-child wd-title-color-primary wd-title-style-simple wd-title-size-default text-left\">\n\n\t\t\t\n\t\t\t<div class=\"liner-continer\">\n\t\t\t\t<h4 class=\"woodmart-title-container title wd-fontsize-l\">Who are we?<br \/>\n<\/h4> \n\t\t\t\t\t\t\t<\/div>\n\n\t\t\t\t\t<\/div>\n\t\t\t\t\t\t<\/div>\n\t\t\t\t<\/div>\n\t\t\t\t<div class=\"elementor-element elementor-element-d2cdb6f color-scheme-inherit text-left elementor-widget elementor-widget-text-editor\" data-id=\"d2cdb6f\" data-element_type=\"widget\" data-widget_type=\"text-editor.default\">\n\t\t\t\t\t\t\t\t\t<p><strong>Dorhan Medical was founded in 2004 in Famagusta, TRNC.<\/strong><\/p><p>Initially operating in the field of diagnostics, our company later expanded its activities in line with market needs to include laboratory consumables, orthopedic products, hospital equipment and supplies, hygiene and disinfection products, diabetes products, food and environmental quality control technologies, as well as obesity, sports and exercise physiology, and physiotherapy.<\/p><p>With the principle of providing quality service and quality education, our company closely follows all scientific developments in the fields in which it operates. Embracing a continuous learning approach, our company serves its customers with leading brands in their respective fields, CE-certified products, and the widest product inventory in Northern Cyprus. Striving for a healthcare sector that prioritizes people, Dorhan Medical has collaborated with organizations that share this vision and has upheld this mission without compromise to this day.<\/p><p>Our company continues its operations with its newly opened branch in Nicosia at the end of 2006 and with the branch in Famagusta that has been serving since 2004, in order to provide better and faster service to its customers and its expanding business volume.<\/p><p>Our company operates with a customer-oriented approach, providing its clients with the highest quality service in a timely manner. Customer needs, preferences, and feedback play a significant role in shaping our product portfolio.<br \/>Dorhan Medical recognizes that the most important thing in life is human health and continues its work with this same awareness.<\/p><p><strong>Our mission<\/strong><\/p><p>To add value to human health by providing innovative, reliable and high-quality medical solutions to the healthcare sector.<\/p><p><strong>Our Vision<\/strong><\/p><p>To be a leading brand that stands out with its reliability on a national and international scale and offers sustainable and innovative solutions in healthcare.<\/p><p><strong>Our Values<\/strong><\/p><p><strong>Reliability:<\/strong> To be transparent, consistent and responsible in all our business processes.<\/p><p><strong>Quality:<\/strong> To observe international standards in our products and services.<\/p><p><strong>Innovation:<\/strong> To lead the sector with continuous improvement and innovative solutions.<\/p><p><strong>People Orientation:<\/strong> Prioritize the health of our employees, customers, and society.<\/p><p><strong>Sustainability:<\/strong> Develop business models that are environmentally conscious and provide long term benefits.<\/p><p><strong>Partnership:<\/strong> Build strong partnerships with our stakeholders based on mutual trust.<\/p>\t\t\t\t\t\t\t\t<\/div>\n\t\t\t\t\t<\/div>\n\t\t\t\t<\/div>\n\t\t\t\t<\/div>","protected":false},"excerpt":{"rendered":"<p>Hakk\u0131m\u0131zda AnasayfaSayfa Biz Kimiz? Dorhan Medical, 2004 y\u0131l\u0131nda Gazima\u011fusa K.K.T.C\u2019de kurulmu\u015ftur. \u0130lk olarak diagnostik alan\u0131nda faaliyet g\u00f6steren \u015firketimiz daha sonra<\/p>","protected":false},"author":1,"featured_media":0,"parent":0,"menu_order":0,"comment_status":"closed","ping_status":"closed","template":"","meta":{"footnotes":""},"class_list":["post-4400","page","type-page","status-publish","hentry"],"_links":{"self":[{"href":"https:\/\/www.dorhanmedical.com\/en\/wp-json\/wp\/v2\/pages\/4400","targetHints":{"allow":["GET"]}}],"collection":[{"href":"https:\/\/www.dorhanmedical.com\/en\/wp-json\/wp\/v2\/pages"}],"about":[{"href":"https:\/\/www.dorhanmedical.com\/en\/wp-json\/wp\/v2\/types\/page"}],"author":[{"embeddable":true,"href":"https:\/\/www.dorhanmedical.com\/en\/wp-json\/wp\/v2\/users\/1"}],"replies":[{"embeddable":true,"href":"https:\/\/www.dorhanmedical.com\/en\/wp-json\/wp\/v2\/comments?post=4400"}],"version-history":[{"count":55,"href":"https:\/\/www.dorhanmedical.com\/en\/wp-json\/wp\/v2\/pages\/4400\/revisions"}],"predecessor-version":[{"id":29682,"href":"https:\/\/www.dorhanmedical.com\/en\/wp-json\/wp\/v2\/pages\/4400\/revisions\/29682"}],"wp:attachment":[{"href":"https:\/\/www.dorhanmedical.com\/en\/wp-json\/wp\/v2\/media?parent=4400"}],"curies":[{"name":"wp","href":"https:\/\/api.w.org\/{rel}","templated":true}]}}