{"id":18,"date":"2021-08-26T12:13:00","date_gmt":"2021-08-26T12:13:00","guid":{"rendered":"http:\/\/dummy.xtemos.com\/woodmart2\/elementor\/?page_id=18"},"modified":"2025-10-15T09:56:40","modified_gmt":"2025-10-15T09:56:40","slug":"anasayfa","status":"publish","type":"page","link":"https:\/\/www.dorhanmedical.com\/en\/","title":{"rendered":"Home"},"content":{"rendered":"<div data-elementor-type=\"wp-page\" data-elementor-id=\"18\" class=\"elementor elementor-18\" data-elementor-post-type=\"page\">\n\t\t\t\t<div class=\"elementor-element elementor-element-d9870d8 e-con-full wd-section-stretch-content e-flex e-con e-parent\" data-id=\"d9870d8\" data-element_type=\"container\">\n\t\t\t\t<div class=\"elementor-element elementor-element-bfd3961 wd-width-100 elementor-widget elementor-widget-wd_video\" data-id=\"bfd3961\" data-element_type=\"widget\" data-widget_type=\"wd_video.default\">\n\t\t\t\t<div class=\"elementor-widget-container\">\n\t\t\t\t\t\n\t\t<div class=\"wd-el-video wd-action-without wd-video-hosted\">\n\t\t\t\t\t\t\t<video src=\"https:\/\/www.dorhanmedical.com\/wp-content\/uploads\/2025\/10\/Dorhan-Video-x.mp4\" playsinline loop muted autoplay><\/video>\t\t\t\n\t\t\t\n\t\t\t\n\t\t\t\t\t<\/div>\n\t\t\t\t\t\t<\/div>\n\t\t\t\t<\/div>\n\t\t\t\t<\/div>\n\t\t<div class=\"wd-negative-gap elementor-element elementor-element-482f344 e-flex e-con-boxed e-con e-parent\" data-id=\"482f344\" data-element_type=\"container\">\n\t\t\t\t\t<div class=\"e-con-inner\">\n\t\t\t\t<div class=\"elementor-element elementor-element-fddae40 animated-slow wd-width-100 elementor-invisible elementor-widget elementor-widget-wd_title\" data-id=\"fddae40\" data-element_type=\"widget\" data-settings=\"{&quot;_animation&quot;:&quot;fadeInDown&quot;}\" data-widget_type=\"wd_title.default\">\n\t\t\t\t<div class=\"elementor-widget-container\">\n\t\t\t\t\t\t\t<div class=\"title-wrapper wd-set-mb reset-last-child wd-title-color-primary wd-title-style-simple wd-title-size-default text-center\">\n\n\t\t\t\n\t\t\t<div class=\"liner-continer\">\n\t\t\t\t<h4 class=\"woodmart-title-container title wd-fontsize-l\">Excellence, Business Success, Quality<\/h4> \n\t\t\t\t\t\t\t<\/div>\n\n\t\t\t\t\t\t\t<div class=\"title-after_title reset-last-child wd-fontsize-xs\">\n\t\t\t\t\t<p>Dorhan Medical is a pioneering healthcare technologies company that provides innovative and reliable solutions to the healthcare sector. We offer a wide range of solutions with state-of-the-art medical devices, systems, and consumables required by hospitals and clinics.<\/p>\t\t\t\t<\/div>\n\t\t\t\t\t<\/div>\n\t\t\t\t\t\t<\/div>\n\t\t\t\t<\/div>\n\t\t\t\t\t<\/div>\n\t\t\t\t<\/div>\n\t\t<div class=\"wd-negative-gap elementor-element elementor-element-77c0a55 e-flex e-con-boxed e-con e-parent\" data-id=\"77c0a55\" data-element_type=\"container\">\n\t\t\t\t\t<div class=\"e-con-inner\">\n\t\t<div class=\"elementor-element elementor-element-8feff91 e-con-full e-flex e-con e-child\" data-id=\"8feff91\" data-element_type=\"container\">\n\t\t\t\t<div class=\"elementor-element elementor-element-495e76c elementor-widget elementor-widget-image\" data-id=\"495e76c\" data-element_type=\"widget\" data-widget_type=\"image.default\">\n\t\t\t\t\t\t\t\t\t\t\t\t\t\t\t<img fetchpriority=\"high\" decoding=\"async\" width=\"1000\" height=\"667\" src=\"https:\/\/www.dorhanmedical.com\/wp-content\/uploads\/2025\/09\/hakkimizda.jpeg\" class=\"attachment-full size-full wp-image-29366\" alt=\"\" srcset=\"https:\/\/www.dorhanmedical.com\/wp-content\/uploads\/2025\/09\/hakkimizda.jpeg 1000w, https:\/\/www.dorhanmedical.com\/wp-content\/uploads\/2025\/09\/hakkimizda-400x267.jpeg 400w, https:\/\/www.dorhanmedical.com\/wp-content\/uploads\/2025\/09\/hakkimizda-768x512.jpeg 768w\" sizes=\"(max-width: 1000px) 100vw, 1000px\" \/>\t\t\t\t\t\t\t\t\t\t\t\t\t\t\t<\/div>\n\t\t\t\t<div class=\"elementor-element elementor-element-8103395 wd-width-100 elementor-widget elementor-widget-wd_title\" data-id=\"8103395\" data-element_type=\"widget\" data-widget_type=\"wd_title.default\">\n\t\t\t\t<div class=\"elementor-widget-container\">\n\t\t\t\t\t\t\t<div class=\"title-wrapper wd-set-mb reset-last-child wd-title-color-primary wd-title-style-simple wd-title-size-default text-center\">\n\n\t\t\t\n\t\t\t<div class=\"liner-continer\">\n\t\t\t\t<h4 class=\"woodmart-title-container title wd-fontsize-l\">About<\/h4> \n\t\t\t\t\t\t\t<\/div>\n\n\t\t\t\t\t<\/div>\n\t\t\t\t\t\t<\/div>\n\t\t\t\t<\/div>\n\t\t\t\t<div class=\"elementor-element elementor-element-d3af03d color-scheme-inherit text-left elementor-widget elementor-widget-text-editor\" data-id=\"d3af03d\" data-element_type=\"widget\" data-widget_type=\"text-editor.default\">\n\t\t\t\t\t\t\t\t\t<p>Founded in 2004 in Famagusta, Dorhan Medical began its journey with diagnostic products and has since expanded into a wide range of fields, including laboratory consumables, orthopedics, hospital equipment, hygiene and disinfection, diabetes solutions, and quality control technologies. With CE-certified products, a commitment to continuous training, and the largest stock capacity in Northern Cyprus, our company has become a trusted brand in the sector through its customer-oriented approach. Operating with branches in Nicosia and Gazima\u011fusa, Dorhan Medical always prioritizes human health.<\/p>\t\t\t\t\t\t\t\t<\/div>\n\t\t\t\t<\/div>\n\t\t<div class=\"elementor-element elementor-element-33c7a77 e-con-full e-flex e-con e-child\" data-id=\"33c7a77\" data-element_type=\"container\">\n\t\t\t\t<div class=\"elementor-element elementor-element-a2dc52b elementor-widget elementor-widget-image\" data-id=\"a2dc52b\" data-element_type=\"widget\" data-widget_type=\"image.default\">\n\t\t\t\t\t\t\t\t\t\t\t\t\t\t\t<img decoding=\"async\" width=\"1000\" height=\"667\" src=\"https:\/\/www.dorhanmedical.com\/wp-content\/uploads\/2025\/09\/Misyon-Vizyon.jpeg\" class=\"attachment-large size-large wp-image-29367\" alt=\"\" srcset=\"https:\/\/www.dorhanmedical.com\/wp-content\/uploads\/2025\/09\/Misyon-Vizyon.jpeg 1000w, https:\/\/www.dorhanmedical.com\/wp-content\/uploads\/2025\/09\/Misyon-Vizyon-400x267.jpeg 400w, https:\/\/www.dorhanmedical.com\/wp-content\/uploads\/2025\/09\/Misyon-Vizyon-768x512.jpeg 768w\" sizes=\"(max-width: 1000px) 100vw, 1000px\" \/>\t\t\t\t\t\t\t\t\t\t\t\t\t\t\t<\/div>\n\t\t\t\t<div class=\"elementor-element elementor-element-03bddd5 wd-width-100 elementor-widget elementor-widget-wd_title\" data-id=\"03bddd5\" data-element_type=\"widget\" data-widget_type=\"wd_title.default\">\n\t\t\t\t<div class=\"elementor-widget-container\">\n\t\t\t\t\t\t\t<div class=\"title-wrapper wd-set-mb reset-last-child wd-title-color-primary wd-title-style-simple wd-title-size-default text-center\">\n\n\t\t\t\n\t\t\t<div class=\"liner-continer\">\n\t\t\t\t<h4 class=\"woodmart-title-container title wd-fontsize-l\">Mission &amp; Vision<\/h4> \n\t\t\t\t\t\t\t<\/div>\n\n\t\t\t\t\t<\/div>\n\t\t\t\t\t\t<\/div>\n\t\t\t\t<\/div>\n\t\t\t\t<div class=\"elementor-element elementor-element-559574b color-scheme-inherit text-left elementor-widget elementor-widget-text-editor\" data-id=\"559574b\" data-element_type=\"widget\" data-widget_type=\"text-editor.default\">\n\t\t\t\t\t\t\t\t\t<p><strong>The mission of Dorhan Medical;<\/strong> o add value to human health by providing reliable, high-quality, and innovative solutions in the healthcare sector. <strong>Our vision is<\/strong> to be a leading brand that stands out for its reliability on both national and international scales, producing sustainable and innovative solutions. Closely following technological and scientific developments, our company progresses with a philosophy of continuous improvement, aiming to contribute to public health and develop solutions that shape the industry.<\/p>\t\t\t\t\t\t\t\t<\/div>\n\t\t\t\t<\/div>\n\t\t<div class=\"elementor-element elementor-element-95c50f6 e-con-full e-flex e-con e-child\" data-id=\"95c50f6\" data-element_type=\"container\">\n\t\t\t\t<div class=\"elementor-element elementor-element-1811812 elementor-widget elementor-widget-image\" data-id=\"1811812\" data-element_type=\"widget\" data-widget_type=\"image.default\">\n\t\t\t\t\t\t\t\t\t\t\t\t\t\t\t<img decoding=\"async\" width=\"1000\" height=\"667\" src=\"https:\/\/www.dorhanmedical.com\/wp-content\/uploads\/2025\/09\/Destek.jpeg\" class=\"attachment-large size-large wp-image-29368\" alt=\"\" srcset=\"https:\/\/www.dorhanmedical.com\/wp-content\/uploads\/2025\/09\/Destek.jpeg 1000w, https:\/\/www.dorhanmedical.com\/wp-content\/uploads\/2025\/09\/Destek-400x267.jpeg 400w, https:\/\/www.dorhanmedical.com\/wp-content\/uploads\/2025\/09\/Destek-768x512.jpeg 768w\" sizes=\"(max-width: 1000px) 100vw, 1000px\" \/>\t\t\t\t\t\t\t\t\t\t\t\t\t\t\t<\/div>\n\t\t\t\t<div class=\"elementor-element elementor-element-bdb3b01 wd-width-100 elementor-widget elementor-widget-wd_title\" data-id=\"bdb3b01\" data-element_type=\"widget\" data-widget_type=\"wd_title.default\">\n\t\t\t\t<div class=\"elementor-widget-container\">\n\t\t\t\t\t\t\t<div class=\"title-wrapper wd-set-mb reset-last-child wd-title-color-primary wd-title-style-simple wd-title-size-default text-center\">\n\n\t\t\t\n\t\t\t<div class=\"liner-continer\">\n\t\t\t\t<h4 class=\"woodmart-title-container title wd-fontsize-l\">Our Values<\/h4> \n\t\t\t\t\t\t\t<\/div>\n\n\t\t\t\t\t<\/div>\n\t\t\t\t\t\t<\/div>\n\t\t\t\t<\/div>\n\t\t\t\t<div class=\"elementor-element elementor-element-422d073 color-scheme-inherit text-left elementor-widget elementor-widget-text-editor\" data-id=\"422d073\" data-element_type=\"widget\" data-widget_type=\"text-editor.default\">\n\t\t\t\t\t\t\t\t\t<p><strong>The values of Dorhan Medical;<\/strong> It is built on the foundations of reliability, quality, innovation, people-orientation, sustainability, and collaboration. Trust reflects our transparent and responsible approach; quality demonstrates our commitment to international standards; and innovation embodies our philosophy of continuous improvement. Our company develops solutions that prioritize human health, are environmentally conscious, and provide lasting benefits, aiming to create long-term value in the industry through strong partnerships. These principles guide all of Dorhan Medical\u2019s endeavors.<\/p>\t\t\t\t\t\t\t\t<\/div>\n\t\t\t\t<\/div>\n\t\t\t\t\t<\/div>\n\t\t\t\t<\/div>\n\t\t\t\t<section class=\"wd-negative-gap elementor-section elementor-top-section elementor-element elementor-element-41cb2cd elementor-section-full_width wd-section-stretch-content elementor-section-height-default elementor-section-height-default\" data-id=\"41cb2cd\" data-element_type=\"section\" data-settings=\"{&quot;background_background&quot;:&quot;classic&quot;}\">\n\t\t\t\t\t\t\t<div class=\"elementor-background-overlay\"><\/div>\n\t\t\t\t\t\t\t<div class=\"elementor-container elementor-column-gap-default\">\n\t\t\t\t\t<div class=\"elementor-column elementor-col-100 elementor-top-column elementor-element elementor-element-319f76b\" data-id=\"319f76b\" data-element_type=\"column\">\n\t\t\t<div class=\"elementor-widget-wrap elementor-element-populated\">\n\t\t\t\t\t\t<div class=\"elementor-element elementor-element-ffcbb91 animated-slow wd-width-100 elementor-invisible elementor-widget elementor-widget-wd_title\" data-id=\"ffcbb91\" data-element_type=\"widget\" data-settings=\"{&quot;_animation&quot;:&quot;fadeInDown&quot;}\" data-widget_type=\"wd_title.default\">\n\t\t\t\t<div class=\"elementor-widget-container\">\n\t\t\t\t\t\t\t<div class=\"title-wrapper wd-set-mb reset-last-child wd-title-color-primary wd-title-style-simple wd-title-size-default text-center\">\n\n\t\t\t\n\t\t\t<div class=\"liner-continer\">\n\t\t\t\t<h4 class=\"woodmart-title-container title wd-fontsize-l\">News and Events<\/h4> \n\t\t\t\t\t\t\t<\/div>\n\n\t\t\t\t\t\t\t<div class=\"title-after_title reset-last-child wd-fontsize-xs\">\n\t\t\t\t\t<p>You can find our news and past and upcoming events here.<\/p>\t\t\t\t<\/div>\n\t\t\t\t\t<\/div>\n\t\t\t\t\t\t<\/div>\n\t\t\t\t<\/div>\n\t\t\t\t<div class=\"elementor-element elementor-element-4a3f910 wd-width-100 elementor-widget elementor-widget-wd_blog\" data-id=\"4a3f910\" data-element_type=\"widget\" data-widget_type=\"wd_blog.default\">\n\t\t\t\t<div class=\"elementor-widget-container\">\n\t\t\t\t\t\t\t\t\n\t\t\t<div id=\"carousel-688\" class=\"wd-carousel-container  wd-posts wd-blog-element\">\n\t\t\t\t\n\t\t\t\t\t\t\t\n\t\t\t\t<div class=\"wd-carousel-inner\">\n\t\t\t\t\t<div class=\"wd-carousel wd-grid\" data-scroll_per_page=\"yes\" style=\"--wd-col-lg:3;--wd-col-md:3;--wd-col-sm:1;--wd-gap-lg:20px;--wd-gap-sm:10px;\">\n\t\t\t\t\t\t<div class=\"wd-carousel-wrap\">\n\t\t\t\t\t\t\t\t\t<div class=\"wd-carousel-item\">\n\t\t\t\t\t\t\t\n<article id=\"post-29741\" class=\"wd-post blog-design-masonry blog-post-loop blog-style-bg wd-add-shadow post-29741 post type-post status-publish format-standard hentry category-genel\">\n\t<div class=\"wd-post-inner article-inner\">\n\t\t\n\t\t<div class=\"wd-post-content article-body-container\">\n\t\t\t\n\t\t\t\t\t\t\t<h3 class=\"wd-post-title wd-entities-title title post-title\">\n\t\t\t\t\t<a href=\"https:\/\/www.dorhanmedical.com\/en\/diyabetik-hastalarda-kan-sekeri-takiibinin-onemi\/\" rel=\"bookmark\">\n\t\t\t\t\t\tD\u0130YABET\u0130K HASTALARDA KAN \u015eEKER\u0130 TAK\u0130\u0130B\u0130N\u0130N \u00d6NEM\u0130\t\t\t\t\t<\/a>\n\t\t\t\t<\/h3>\n\t\t\t\n\t\t\t\n\t\t\t\t\t\t\t<div class=\"wd-post-excerpt entry-content\">\n\t\t\t\t\tDiyabetik hastalarda kan \u015fekeri takibi diyabet y\u00f6netiminin \u00e7ok \u00f6nemli bir pa\u00e7as\u0131d\u0131r. Diyabetik hastalarda belirlenen glisemik hedefler ...\t\t\t\t<\/div>\n\t\t\t\n\t\t\t\t\t\t\t\t\t\t\t\t<div class=\"wd-post-read-more wd-style-link read-more-section\">\n\t\t\t\t\t\t<a class=\"\" href=\"https:\/\/www.dorhanmedical.com\/en\/diyabetik-hastalarda-kan-sekeri-takiibinin-onemi\/\">Continue reading<\/a>\t\t\t\t\t<\/div>\n\t\t\t\t\t\t\t\t\t<\/div>\n\t<\/div>\n<\/article>\n\n\t\t\t\t\t<\/div>\n\t\t\t\t<div class=\"wd-carousel-item\">\n\t\t\t\t\t\t\t\n<article id=\"post-29652\" class=\"wd-post blog-design-masonry blog-post-loop blog-style-bg wd-add-shadow post-29652 post type-post status-publish format-standard hentry category-genel\">\n\t<div class=\"wd-post-inner article-inner\">\n\t\t\n\t\t<div class=\"wd-post-content article-body-container\">\n\t\t\t\n\t\t\t\t\t\t\t<h3 class=\"wd-post-title wd-entities-title title post-title\">\n\t\t\t\t\t<a href=\"https:\/\/www.dorhanmedical.com\/en\/giyilebilir-saglik-teknolojileri-sagliginizi-anlik-takip-etmenin-yeni-yolu\/\" rel=\"bookmark\">\n\t\t\t\t\t\tWearable Health Technologies: The New Way to Monitor Your Health in Real Time\t\t\t\t\t<\/a>\n\t\t\t\t<\/h3>\n\t\t\t\n\t\t\t\n\t\t\t\t\t\t\t<div class=\"wd-post-excerpt entry-content\">\n\t\t\t\t\tIn recent years, wearable health technologies have offered a revolutionary convenience for individuals in monitoring their own health\u2026\t\t\t\t<\/div>\n\t\t\t\n\t\t\t\t\t\t\t\t\t\t\t\t<div class=\"wd-post-read-more wd-style-link read-more-section\">\n\t\t\t\t\t\t<a class=\"\" href=\"https:\/\/www.dorhanmedical.com\/en\/giyilebilir-saglik-teknolojileri-sagliginizi-anlik-takip-etmenin-yeni-yolu\/\">Continue reading<\/a>\t\t\t\t\t<\/div>\n\t\t\t\t\t\t\t\t\t<\/div>\n\t<\/div>\n<\/article>\n\n\t\t\t\t\t<\/div>\n\t\t\t\t<div class=\"wd-carousel-item\">\n\t\t\t\t\t\t\t\n<article id=\"post-29654\" class=\"wd-post blog-design-masonry blog-post-loop blog-style-bg wd-add-shadow post-29654 post type-post status-publish format-standard hentry category-genel\">\n\t<div class=\"wd-post-inner article-inner\">\n\t\t\n\t\t<div class=\"wd-post-content article-body-container\">\n\t\t\t\n\t\t\t\t\t\t\t<h3 class=\"wd-post-title wd-entities-title title post-title\">\n\t\t\t\t\t<a href=\"https:\/\/www.dorhanmedical.com\/en\/yenilikci-diyabet-teknolojileri\/\" rel=\"bookmark\">\n\t\t\t\t\t\tInnovative Diabetes Technologies\t\t\t\t\t<\/a>\n\t\t\t\t<\/h3>\n\t\t\t\n\t\t\t\n\t\t\t\t\t\t\t<div class=\"wd-post-excerpt entry-content\">\n\t\t\t\t\tContinuous glucose monitoring (CGM) devices are emerging as a significant innovation in diabetes management. These devices are inserted under the skin\u2026\t\t\t\t<\/div>\n\t\t\t\n\t\t\t\t\t\t\t\t\t\t\t\t<div class=\"wd-post-read-more wd-style-link read-more-section\">\n\t\t\t\t\t\t<a class=\"\" href=\"https:\/\/www.dorhanmedical.com\/en\/yenilikci-diyabet-teknolojileri\/\">Continue reading<\/a>\t\t\t\t\t<\/div>\n\t\t\t\t\t\t\t\t\t<\/div>\n\t<\/div>\n<\/article>\n\n\t\t\t\t\t<\/div>\n\t\t\t\t\t\t\t\t<\/div>\n\t\t\t\t\t<\/div>\n\n\t\t\t\t\t\t\t<div class=\"wd-nav-arrows wd-pos-sep wd-hover-1 wd-icon-1\">\n\t\t\t<div class=\"wd-btn-arrow wd-prev wd-disabled\">\n\t\t\t\t<div class=\"wd-arrow-inner\"><\/div>\n\t\t\t<\/div>\n\t\t\t<div class=\"wd-btn-arrow wd-next\">\n\t\t\t\t<div class=\"wd-arrow-inner\"><\/div>\n\t\t\t<\/div>\n\t\t<\/div>\n\t\t\t\t\t\t<\/div>\n\n\t\t\t\t\t\t\t\t\t<div class=\"wd-nav-pagin-wrap text-center wd-style-shape wd-hide-md-sm wd-hide-sm\">\n\t\t\t<ul class=\"wd-nav-pagin\"><\/ul>\n\t\t<\/div>\n\t\t\t\t\t\t\t\t\t<\/div>\n\t\t\t\t\t\t\t\t\t\t<\/div>\n\t\t\t\t<\/div>\n\t\t\t\t\t<\/div>\n\t\t<\/div>\n\t\t\t\t\t<\/div>\n\t\t<\/section>\n\t\t<div class=\"wd-negative-gap elementor-element elementor-element-b1a7786 e-flex e-con-boxed e-con e-parent\" data-id=\"b1a7786\" data-element_type=\"container\">\n\t\t\t\t\t<div class=\"e-con-inner\">\n\t\t\t\t<div class=\"elementor-element elementor-element-3c968f1 animated-slow wd-width-100 elementor-invisible elementor-widget elementor-widget-wd_title\" data-id=\"3c968f1\" data-element_type=\"widget\" data-settings=\"{&quot;_animation&quot;:&quot;fadeInDown&quot;}\" data-widget_type=\"wd_title.default\">\n\t\t\t\t<div class=\"elementor-widget-container\">\n\t\t\t\t\t\t\t<div class=\"title-wrapper wd-set-mb reset-last-child wd-title-color-primary wd-title-style-simple wd-title-size-default text-center\">\n\n\t\t\t\n\t\t\t<div class=\"liner-continer\">\n\t\t\t\t<h4 class=\"woodmart-title-container title wd-fontsize-l\">Our Business Partners<br \/>\n<\/h4> \n\t\t\t\t\t\t\t<\/div>\n\n\t\t\t\t\t\t\t<div class=\"title-after_title reset-last-child wd-fontsize-xs\">\n\t\t\t\t\t<p>With the experience we have gained over the years, Dorhan Medical has prioritized establishing strong and strategic partnerships with companies at the forefront of medical science.<\/p><p>Thanks to these partnerships, we are able to provide the most advanced solutions to meet patients' specific needs and make technologies that enhance their quality of life quickly accessible.<\/p>\t\t\t\t<\/div>\n\t\t\t\t\t<\/div>\n\t\t\t\t\t\t<\/div>\n\t\t\t\t<\/div>\n\t\t\t\t\t<\/div>\n\t\t\t\t<\/div>\n\t\t<div class=\"wd-negative-gap elementor-element elementor-element-8c24828 e-flex e-con-boxed e-con e-parent\" data-id=\"8c24828\" data-element_type=\"container\">\n\t\t\t\t\t<div class=\"e-con-inner\">\n\t\t\t\t<div class=\"elementor-element elementor-element-7ea2bbd ky-img elementor-pagination-position-outside elementor-widget elementor-widget-image-carousel\" data-id=\"7ea2bbd\" data-element_type=\"widget\" data-settings=\"{&quot;slides_to_show&quot;:&quot;5&quot;,&quot;slides_to_show_mobile&quot;:&quot;2&quot;,&quot;navigation&quot;:&quot;dots&quot;,&quot;slides_to_scroll&quot;:&quot;1&quot;,&quot;autoplay_speed&quot;:3000,&quot;autoplay&quot;:&quot;yes&quot;,&quot;pause_on_hover&quot;:&quot;yes&quot;,&quot;pause_on_interaction&quot;:&quot;yes&quot;,&quot;infinite&quot;:&quot;yes&quot;,&quot;speed&quot;:500}\" data-widget_type=\"image-carousel.default\">\n\t\t\t\t\t\t\t<div class=\"elementor-image-carousel-wrapper swiper\" role=\"region\" aria-roledescription=\"carousel\" aria-label=\"Resim D\u00f6ng\u00fcs\u00fc\" dir=\"ltr\">\n\t\t\t<div class=\"elementor-image-carousel swiper-wrapper\" aria-live=\"off\">\n\t\t\t\t\t\t\t\t<div class=\"swiper-slide\" role=\"group\" aria-roledescription=\"slide\" aria-label=\"1 \/ 11\"><figure class=\"swiper-slide-inner\"><img decoding=\"async\" class=\"swiper-slide-image\" src=\"https:\/\/www.dorhanmedical.com\/wp-content\/uploads\/2025\/09\/cyprus-acon-medical.webp\" alt=\"cyprus-acon-medical\" \/><\/figure><\/div><div class=\"swiper-slide\" role=\"group\" aria-roledescription=\"slide\" aria-label=\"2 \/ 11\"><figure class=\"swiper-slide-inner\"><img decoding=\"async\" class=\"swiper-slide-image\" src=\"https:\/\/www.dorhanmedical.com\/wp-content\/uploads\/2025\/09\/cyprus-biomerieux.webp\" alt=\"cyprus-biomerieux\" \/><\/figure><\/div><div class=\"swiper-slide\" role=\"group\" aria-roledescription=\"slide\" aria-label=\"3 \/ 11\"><figure class=\"swiper-slide-inner\"><img decoding=\"async\" class=\"swiper-slide-image\" src=\"https:\/\/www.dorhanmedical.com\/wp-content\/uploads\/2025\/09\/cyprus-canon-medical.png\" alt=\"cyprus-canon-medical\" \/><\/figure><\/div><div class=\"swiper-slide\" role=\"group\" aria-roledescription=\"slide\" aria-label=\"4 \/ 11\"><figure class=\"swiper-slide-inner\"><img decoding=\"async\" class=\"swiper-slide-image\" src=\"https:\/\/www.dorhanmedical.com\/wp-content\/uploads\/2025\/09\/cyprus-helena.webp\" alt=\"cyprus-helena\" \/><\/figure><\/div><div class=\"swiper-slide\" role=\"group\" aria-roledescription=\"slide\" aria-label=\"5 \/ 11\"><figure class=\"swiper-slide-inner\"><img decoding=\"async\" class=\"swiper-slide-image\" src=\"https:\/\/www.dorhanmedical.com\/wp-content\/uploads\/2025\/09\/cyprus-leica.webp\" alt=\"cyprus-leica\" \/><\/figure><\/div><div class=\"swiper-slide\" role=\"group\" aria-roledescription=\"slide\" aria-label=\"6 \/ 11\"><figure class=\"swiper-slide-inner\"><img decoding=\"async\" class=\"swiper-slide-image\" src=\"https:\/\/www.dorhanmedical.com\/wp-content\/uploads\/2025\/09\/cyprus-lorne-medical-centre.webp\" alt=\"cyprus-lorne-medical-centre\" \/><\/figure><\/div><div class=\"swiper-slide\" role=\"group\" aria-roledescription=\"slide\" aria-label=\"7 \/ 11\"><figure class=\"swiper-slide-inner\"><img decoding=\"async\" class=\"swiper-slide-image\" src=\"https:\/\/www.dorhanmedical.com\/wp-content\/uploads\/2025\/09\/cyprus-richard-wolf.webp\" alt=\"cyprus-richard-wolf\" \/><\/figure><\/div><div class=\"swiper-slide\" role=\"group\" aria-roledescription=\"slide\" aria-label=\"8 \/ 11\"><figure class=\"swiper-slide-inner\"><img decoding=\"async\" class=\"swiper-slide-image\" src=\"https:\/\/www.dorhanmedical.com\/wp-content\/uploads\/2025\/09\/cyprus-sysmex.webp\" alt=\"cyprus-sysmex\" \/><\/figure><\/div><div class=\"swiper-slide\" role=\"group\" aria-roledescription=\"slide\" aria-label=\"9 \/ 11\"><figure class=\"swiper-slide-inner\"><img decoding=\"async\" class=\"swiper-slide-image\" src=\"https:\/\/www.dorhanmedical.com\/wp-content\/uploads\/2025\/09\/cyprus-vircell.webp\" alt=\"cyprus-vircell\" \/><\/figure><\/div><div class=\"swiper-slide\" role=\"group\" aria-roledescription=\"slide\" aria-label=\"10 \/ 11\"><figure class=\"swiper-slide-inner\"><img decoding=\"async\" class=\"swiper-slide-image\" src=\"https:\/\/www.dorhanmedical.com\/wp-content\/uploads\/2025\/09\/ece-medical-cyprus.webp\" alt=\"ece-medical-cyprus\" \/><\/figure><\/div><div class=\"swiper-slide\" role=\"group\" aria-roledescription=\"slide\" aria-label=\"11 \/ 11\"><figure class=\"swiper-slide-inner\"><img decoding=\"async\" class=\"swiper-slide-image\" src=\"https:\/\/www.dorhanmedical.com\/wp-content\/uploads\/2025\/09\/linx-cyprus.webp\" alt=\"linx-cyprus\" \/><\/figure><\/div>\t\t\t<\/div>\n\t\t\t\t\t\t\t\n\t\t\t\t\t\t\t\t\t<div class=\"swiper-pagination\"><\/div>\n\t\t\t\t\t\t\t\t\t<\/div>\n\t\t\t\t\t\t<\/div>\n\t\t\t\t\t<\/div>\n\t\t\t\t<\/div>\n\t\t\t\t<\/div>","protected":false},"excerpt":{"rendered":"<p>M\u00fckemmellik, \u0130\u015f Ba\u015far\u0131s\u0131, Kalite Dorhan Medical, Sa\u011fl\u0131k sekt\u00f6r\u00fcne yenilik\u00e7i ve g\u00fcvenilir \u00e7\u00f6z\u00fcmler sunan \u00f6nc\u00fc bir sa\u011fl\u0131k teknolojileri firmas\u0131d\u0131r. Hastane ve<\/p>","protected":false},"author":1,"featured_media":0,"parent":0,"menu_order":0,"comment_status":"closed","ping_status":"closed","template":"","meta":{"footnotes":""},"class_list":["post-18","page","type-page","status-publish","hentry"],"_links":{"self":[{"href":"https:\/\/www.dorhanmedical.com\/en\/wp-json\/wp\/v2\/pages\/18","targetHints":{"allow":["GET"]}}],"collection":[{"href":"https:\/\/www.dorhanmedical.com\/en\/wp-json\/wp\/v2\/pages"}],"about":[{"href":"https:\/\/www.dorhanmedical.com\/en\/wp-json\/wp\/v2\/types\/page"}],"author":[{"embeddable":true,"href":"https:\/\/www.dorhanmedical.com\/en\/wp-json\/wp\/v2\/users\/1"}],"replies":[{"embeddable":true,"href":"https:\/\/www.dorhanmedical.com\/en\/wp-json\/wp\/v2\/comments?post=18"}],"version-history":[{"count":178,"href":"https:\/\/www.dorhanmedical.com\/en\/wp-json\/wp\/v2\/pages\/18\/revisions"}],"predecessor-version":[{"id":29728,"href":"https:\/\/www.dorhanmedical.com\/en\/wp-json\/wp\/v2\/pages\/18\/revisions\/29728"}],"wp:attachment":[{"href":"https:\/\/www.dorhanmedical.com\/en\/wp-json\/wp\/v2\/media?parent=18"}],"curies":[{"name":"wp","href":"https:\/\/api.w.org\/{rel}","templated":true}]}}